{"id":176,"date":"2018-12-28T13:47:09","date_gmt":"2018-12-28T13:47:09","guid":{"rendered":"http:\/\/icom-argentina.icom.cust.oxymium.net\/informacion-icom\/assemblee-generale\/"},"modified":"2018-12-28T13:53:12","modified_gmt":"2018-12-28T13:53:12","slug":"assemblee-generale","status":"publish","type":"page","link":"https:\/\/icom-argentina.mini.icom.museum\/fr\/licom\/assemblee-generale\/","title":{"rendered":"Assembl\u00e9e g\u00e9n\u00e9rale"},"content":{"rendered":"<div id=\"RTE_CONTENT\"> <!--TYPO3SEARCH_begin--><!--TYPO3SEARCH_end--> <\/div>\n","protected":false},"excerpt":{"rendered":"","protected":false},"author":1,"featured_media":0,"parent":143,"menu_order":2,"comment_status":"closed","ping_status":"closed","template":"","meta":{"footnotes":""},"yst_prominent_words":[],"class_list":["post-176","page","type-page","status-publish","hentry"],"acf":[],"_links":{"self":[{"href":"https:\/\/icom-argentina.mini.icom.museum\/fr\/wp-json\/wp\/v2\/pages\/176","targetHints":{"allow":["GET"]}}],"collection":[{"href":"https:\/\/icom-argentina.mini.icom.museum\/fr\/wp-json\/wp\/v2\/pages"}],"about":[{"href":"https:\/\/icom-argentina.mini.icom.museum\/fr\/wp-json\/wp\/v2\/types\/page"}],"author":[{"embeddable":true,"href":"https:\/\/icom-argentina.mini.icom.museum\/fr\/wp-json\/wp\/v2\/users\/1"}],"replies":[{"embeddable":true,"href":"https:\/\/icom-argentina.mini.icom.museum\/fr\/wp-json\/wp\/v2\/comments?post=176"}],"version-history":[{"count":1,"href":"https:\/\/icom-argentina.mini.icom.museum\/fr\/wp-json\/wp\/v2\/pages\/176\/revisions"}],"predecessor-version":[{"id":1590,"href":"https:\/\/icom-argentina.mini.icom.museum\/fr\/wp-json\/wp\/v2\/pages\/176\/revisions\/1590"}],"up":[{"embeddable":true,"href":"https:\/\/icom-argentina.mini.icom.museum\/fr\/wp-json\/wp\/v2\/pages\/143"}],"wp:attachment":[{"href":"https:\/\/icom-argentina.mini.icom.museum\/fr\/wp-json\/wp\/v2\/media?parent=176"}],"wp:term":[{"taxonomy":"yst_prominent_words","embeddable":true,"href":"https:\/\/icom-argentina.mini.icom.museum\/fr\/wp-json\/wp\/v2\/yst_prominent_words?post=176"}],"curies":[{"name":"wp","href":"https:\/\/api.w.org\/{rel}","templated":true}]}}