{"id":193,"date":"2018-12-28T13:47:14","date_gmt":"2018-12-28T13:47:14","guid":{"rendered":"http:\/\/icom-argentina.icom.cust.oxymium.net\/informacion-icom\/codigo-de-etica\/"},"modified":"2018-12-28T13:53:07","modified_gmt":"2018-12-28T13:53:07","slug":"codigo-de-etica","status":"publish","type":"page","link":"https:\/\/icom-argentina.mini.icom.museum\/en\/about-icom\/codigo-de-etica\/","title":{"rendered":"C\u00f3digo de \u00e9tica"},"content":{"rendered":"<div id=\"RTE_CONTENT\"> <!--TYPO3SEARCH_begin--> \t<!--  CONTENT ELEMENT, uid:19741\/textpic [begin] --> \t\t<\/p>\n<div id=\"c19741\"> \t\t<!--  Image block: [begin] --> \t\t\t<\/p>\n<div><\/div>\n<p> \t\t<!--  Image block: [end] --> \t\t\t   \t<!--  \t\tBEGIN: Content of extension \"hpo_relatedlink\", plugin \"tx_hporelatedlink_pi1\"  \t--> \t<\/p>\n<div> \t\t \t<\/div>\n<p> \t \t<!-- END: Content of extension \"hpo_relatedlink\", plugin \"tx_hporelatedlink_pi1\" -->  \t<\/div>\n<p> \t<!--  CONTENT ELEMENT, uid:19741\/textpic [end] --> \t\t \t<!--  CONTENT ELEMENT, uid:19742\/textpic [begin] --> \t\t<\/p>\n<div id=\"c19742\"> \t\t<!--  Image block: [begin] --> \t\t\t<\/p>\n<div>\n<div><img decoding=\"async\" src=\"https:\/\/icom-argentina.mini.icom.museum\/wp-content\/uploads\/sites\/27\/2018\/12\/codigo_deontologia.jpg\" alt=\"\"><\/div>\n<div>\n<div> \t\t<!--  Text: [begin] --> \t\t\t<\/p>\n<p>\u00a0<\/p>\n<p>\u00a0<\/p>\n<p>\u00a0<\/p>\n<p>El C\u00f3digo de Deontolog\u00eda del ICOM para los Museos es un texto fundamental de la Organizaci\u00f3n en el que se establecen las normas m\u00ednimas de conducta y pr\u00e1ctica profesional para los museos y su personal. Al convertirse en miembros del ICOM, los profesionales de museos se comprometen a cumplirlo.\u00a0 <\/p>\n<p>Texto completo:\u00a0 <\/p>\n<p><a href=\"http:\/\/icom.museum\/fileadmin\/user_upload\/pdf\/Codes\/code_ethics2013_es.pdf\" title=\"Opens external link in new window\" target=\"_blank\">icom.museum\/fileadmin\/user_upload\/pdf\/Codes\/code_ethics2017_es.pdf<\/a> <\/p>\n<p>\u00a0<\/p>\n<p>\u00a0<\/p>\n<p>\u00a0<\/p>\n<p>\u00a0<\/p>\n<p> \t\t<!--  Text: [end] --> \t\t\t<\/div>\n<\/div><\/div>\n<div><!-- --><\/div>\n<p> \t\t<!--  Image block: [end] --> \t\t\t   \t<!--  \t\tBEGIN: Content of extension \"hpo_relatedlink\", plugin \"tx_hporelatedlink_pi1\"  \t--> \t<\/p>\n<div> \t\t \t<\/div>\n<p> \t \t<!-- END: Content of extension \"hpo_relatedlink\", plugin \"tx_hporelatedlink_pi1\" -->  \t<\/div>\n<p> \t<!--  CONTENT ELEMENT, uid:19742\/textpic [end] --> \t\t<!--TYPO3SEARCH_end--> <\/div>\n","protected":false},"excerpt":{"rendered":"<p>\u00a0 \u00a0 \u00a0 El C\u00f3digo de Deontolog\u00eda del ICOM para los Museos es un texto fundamental de la Organizaci\u00f3n en el que se establecen las normas m\u00ednimas de conducta y pr\u00e1ctica profesional para los museos y su personal. Al convertirse en miembros del ICOM, los profesionales de museos se comprometen a cumplirlo.\u00a0 Texto completo:\u00a0 icom.museum\/fileadmin\/user_upload\/pdf\/Codes\/code_ethics2017_es.pdf [&hellip;]<\/p>\n","protected":false},"author":1,"featured_media":0,"parent":142,"menu_order":4,"comment_status":"closed","ping_status":"closed","template":"","meta":{"footnotes":""},"yst_prominent_words":[],"class_list":["post-193","page","type-page","status-publish","hentry"],"acf":[],"_links":{"self":[{"href":"https:\/\/icom-argentina.mini.icom.museum\/en\/wp-json\/wp\/v2\/pages\/193","targetHints":{"allow":["GET"]}}],"collection":[{"href":"https:\/\/icom-argentina.mini.icom.museum\/en\/wp-json\/wp\/v2\/pages"}],"about":[{"href":"https:\/\/icom-argentina.mini.icom.museum\/en\/wp-json\/wp\/v2\/types\/page"}],"author":[{"embeddable":true,"href":"https:\/\/icom-argentina.mini.icom.museum\/en\/wp-json\/wp\/v2\/users\/1"}],"replies":[{"embeddable":true,"href":"https:\/\/icom-argentina.mini.icom.museum\/en\/wp-json\/wp\/v2\/comments?post=193"}],"version-history":[{"count":1,"href":"https:\/\/icom-argentina.mini.icom.museum\/en\/wp-json\/wp\/v2\/pages\/193\/revisions"}],"predecessor-version":[{"id":1570,"href":"https:\/\/icom-argentina.mini.icom.museum\/en\/wp-json\/wp\/v2\/pages\/193\/revisions\/1570"}],"up":[{"embeddable":true,"href":"https:\/\/icom-argentina.mini.icom.museum\/en\/wp-json\/wp\/v2\/pages\/142"}],"wp:attachment":[{"href":"https:\/\/icom-argentina.mini.icom.museum\/en\/wp-json\/wp\/v2\/media?parent=193"}],"wp:term":[{"taxonomy":"yst_prominent_words","embeddable":true,"href":"https:\/\/icom-argentina.mini.icom.museum\/en\/wp-json\/wp\/v2\/yst_prominent_words?post=193"}],"curies":[{"name":"wp","href":"https:\/\/api.w.org\/{rel}","templated":true}]}}