{"id":1453,"date":"2018-12-28T13:52:40","date_gmt":"2018-12-28T13:52:40","guid":{"rendered":"http:\/\/icom-argentina.icom.cust.oxymium.net\/que-hacemos\/novedades\/"},"modified":"2018-12-28T13:53:06","modified_gmt":"2018-12-28T13:53:06","slug":"novedades","status":"publish","type":"page","link":"https:\/\/icom-argentina.mini.icom.museum\/en\/events\/novedades\/","title":{"rendered":"Novedades"},"content":{"rendered":"<div id=\"RTE_CONTENT\"> <!--TYPO3SEARCH_begin--> \t<!--  CONTENT ELEMENT, uid:19979\/textpic [begin] --> \t\t<\/p>\n<div id=\"c19979\"> \t\t<!--  Image block: [begin] --> \t\t\t<\/p>\n<div>\n<div> \t\t<!--  Text: [begin] --> \t\t\t<\/p>\n<p>\u00a0<\/p>\n<h3><span>Para informarte sobre las \u00faltimas novedades, eventos y publicaciones<\/span><\/h3>\n<h3><span>s\u00edguenos en nuestra p\u00e1gina de facebook:\u00a0<\/span><\/h3>\n<h3> <span><br \/><\/span><strong><a href=\"https:\/\/www.facebook.com\/ICOM.ARGENTINA\/\" target=\"_blank\">https:\/\/www.facebook.com\/ICOM.ARGENTINA\/<\/a><\/strong> <\/h3>\n<p>\u00a0<\/p>\n<p>\u00a0<\/p>\n<p>\u00a0<\/p>\n<p>\u00a0<\/p>\n<p>\u00a0<\/p>\n<p> \t\t<!--  Text: [end] --> \t\t\t<\/div>\n<div><img decoding=\"async\" src=\"https:\/\/icom-argentina.mini.icom.museum\/wp-content\/uploads\/sites\/27\/2018\/12\/092482f4cb.png\" alt=\"\"><\/div>\n<\/p><\/div>\n<div><!-- --><\/div>\n<p> \t\t<!--  Image block: [end] --> \t\t\t   \t<!--  \t\tBEGIN: Content of extension \"hpo_relatedlink\", plugin \"tx_hporelatedlink_pi1\"  \t--> \t<\/p>\n<div> \t\t \t<\/div>\n<p> \t \t<!-- END: Content of extension \"hpo_relatedlink\", plugin \"tx_hporelatedlink_pi1\" -->  \t<\/div>\n<p> \t<!--  CONTENT ELEMENT, uid:19979\/textpic [end] --> \t\t<!--TYPO3SEARCH_end--> <\/div>\n","protected":false},"excerpt":{"rendered":"<p>\u00a0 Para informarte sobre las \u00faltimas novedades, eventos y publicaciones s\u00edguenos en nuestra p\u00e1gina de facebook:\u00a0 https:\/\/www.facebook.com\/ICOM.ARGENTINA\/ \u00a0 \u00a0 \u00a0 \u00a0 \u00a0<\/p>\n","protected":false},"author":1,"featured_media":0,"parent":148,"menu_order":3,"comment_status":"closed","ping_status":"closed","template":"","meta":{"footnotes":""},"yst_prominent_words":[],"class_list":["post-1453","page","type-page","status-publish","hentry"],"acf":[],"_links":{"self":[{"href":"https:\/\/icom-argentina.mini.icom.museum\/en\/wp-json\/wp\/v2\/pages\/1453","targetHints":{"allow":["GET"]}}],"collection":[{"href":"https:\/\/icom-argentina.mini.icom.museum\/en\/wp-json\/wp\/v2\/pages"}],"about":[{"href":"https:\/\/icom-argentina.mini.icom.museum\/en\/wp-json\/wp\/v2\/types\/page"}],"author":[{"embeddable":true,"href":"https:\/\/icom-argentina.mini.icom.museum\/en\/wp-json\/wp\/v2\/users\/1"}],"replies":[{"embeddable":true,"href":"https:\/\/icom-argentina.mini.icom.museum\/en\/wp-json\/wp\/v2\/comments?post=1453"}],"version-history":[{"count":1,"href":"https:\/\/icom-argentina.mini.icom.museum\/en\/wp-json\/wp\/v2\/pages\/1453\/revisions"}],"predecessor-version":[{"id":1564,"href":"https:\/\/icom-argentina.mini.icom.museum\/en\/wp-json\/wp\/v2\/pages\/1453\/revisions\/1564"}],"up":[{"embeddable":true,"href":"https:\/\/icom-argentina.mini.icom.museum\/en\/wp-json\/wp\/v2\/pages\/148"}],"wp:attachment":[{"href":"https:\/\/icom-argentina.mini.icom.museum\/en\/wp-json\/wp\/v2\/media?parent=1453"}],"wp:term":[{"taxonomy":"yst_prominent_words","embeddable":true,"href":"https:\/\/icom-argentina.mini.icom.museum\/en\/wp-json\/wp\/v2\/yst_prominent_words?post=1453"}],"curies":[{"name":"wp","href":"https:\/\/api.w.org\/{rel}","templated":true}]}}